{"id":4089,"date":"2016-01-12T13:46:24","date_gmt":"2016-01-12T13:46:24","guid":{"rendered":"http:\/\/www.romanidisinfestazioni.com\/?page_id=4089"},"modified":"2020-08-13T19:51:21","modified_gmt":"2020-08-13T19:51:21","slug":"privacy","status":"publish","type":"page","link":"https:\/\/www.romanidisinfestazioni.com\/index.php\/privacy\/","title":{"rendered":"Privacy"},"content":{"rendered":"<p style=\"text-align: center;\"><strong>INFORMATIVA SUL TRATTAMENTO DEI DATI PERSONALI PER DATI RACCOLTI PRESSO L&#8217;INTERESSATOPER IL TRATTAMENTO<\/strong><\/p>\n<p>Anagrafica Clientiai sensi dell&#8217;art. 13 del Regolamento (UE) 679\/2016 relativo alla protezione delle persone fisiche con riguardo al trattamento dei dati personaliROMANI DISINFESTAZIONI SRL (5585) (nel seguito la &#8220;Societ\u00e0&#8221; o il &#8220;Titolare&#8221;), con sede legale in VIA DEI BICHI 150\/c55100LUCCA (LU) Italia e P.IVA 01725130460, in qualit\u00e0 di titolare del trattamento, vi informa, ai sensi dell&#8217;art. 13 del Regolamento Europeo 679\/2016 relativo alla protezione dei dati personali(&#8220;GDPR&#8221;), in merito al trattamento dei vostri dati personali che sar\u00e0 effettuato dallo scrivente.1. Tipologia di dati trattatiLa Societ\u00e0 \u00e8 titolare del trattamento dei dati personali comunicati dall&#8217;Utente allo scrivente e comprendono:Ragione Sociale\/Cognome e Nome, Codice Fiscale ed altri numeri di identificazione, Coordinate Bancarie, Indirizzo, Indirizzo E-MailImmaginiCertificati di qualit\u00e0 professionali&#8230;&#8230;&#8230;&#8230;&#8230;&#8230;&#8230;&#8230;&#8230;.<span style=\"text-decoration: underline;\">Visualizza, Stampa o Scarica l&#8217;informativa sul trattamento dei dati personali <span style=\"color: #ff9900; text-decoration: underline;\"><a style=\"color: #ff9900; text-decoration: underline;\" href=\"http:\/\/www.romanidisinfestazioni.com\/Informativa_Privacy.pdf\" target=\"_blank\">Cliccando QUI<\/a><\/span><\/span><\/p>\n<p style=\"text-align: center;\"><strong>CONSENSO PER L&#8217;USO DEI COOKIES<\/strong><\/p>\n<p>Romani Disinfestazioni Srl informa che il sito internet utilizza i cookie per migliorare l&#8217;esperienza di navigazione dell&#8217;utente. \u00c8 possibile limitare o disattivare l\u2019utilizzo dei cookie tramite il proprio browser web anche se questo puo&#8217; avere effetti sulla navigabilit\u00e0 del sito.Tutti i browser infatti permettono comunque di modificare le impostazioni sui cookies.Le impostazioni si trovano nel men\u00f9 del proprio browser alla voce \u2018opzioni\u2019 o \u2018preferenze\u2019&#8230;&#8230;&#8230;&#8230;&#8230;&#8230;&#8230;&#8230;&#8230;&#8230;..<span style=\"text-decoration: underline;\">.Visualizza Stampa o Scarica l&#8217;Informativa per l&#8217;uso dei Cookies <a href=\"https:\/\/www.romanidisinfestazioni.com\/wp-content\/upload\/Cookies.pdf\" target=\"_blank\"><span style=\"color: #ff9900; text-decoration: underline;\">Cliccando QUI<\/span><\/a><\/span><\/p>\n<p style=\"text-align: center;\"><strong>ESERCIZIO DI DIRITTI IN MATERIA DI PROTEZIONE<br \/>\nDEI DATI PERSONALI<\/strong><br \/>\n<em>(artt. 15-22 del Regolamento (UE) 2016\/679)<\/em><\/p>\n<p>Il\/La sottoscritto\/a\u2026\u2026\u2026\u2026\u2026\u2026\u2026\u2026\u2026\u2026\u2026\u2026\u2026\u2026\u2026\u2026\u2026\u2026\u2026\u2026\u2026\u2026\u2026\u2026\u2026\u2026\u2026\u2026\u2026.<br \/>\nnato\/a a\u2026\u2026\u2026\u2026\u2026\u2026\u2026\u2026\u2026\u2026\u2026\u2026.il\u2026\u2026\u2026\u2026\u2026\u2026\u2026\u2026\u2026\u2026\u2026,esercita con la presente richiesta i seguenti diritti di cui agli artt. 15-22 del Regolamento (UE) 2016\/679:<\/p>\n<ol>\n<li><strong> Accesso ai dati personali<br \/>\n<\/strong><em>(art. 15 del Regolamento (UE) 2016\/679)<\/em>Il sottoscritto <em>(barrare solo le caselle che interessano)<\/em>:&#8230;&#8230;&#8230;&#8230;&#8230;&#8230;&#8230;&#8230;&#8230;&#8230;&#8230;&#8230;&#8230;..<span style=\"text-decoration: underline;\">Visualizza Stampa o Scarica il modulo per esercitare i Diritti in materia del Trattamento dei dati <a href=\"https:\/\/www.romanidisinfestazioni.com\/wp-content\/upload\/Esercizio_diritti_in_materia_di_protezione_dei_dati_personali.pdf\" target=\"_blank\"><span style=\"color: #ff9900; text-decoration: underline;\">Cliccando QUI<\/span><\/a><\/span><\/li>\n<\/ol>\n<p>Normativa completa reperibile a questo link <a href=\"http:\/\/www.garanteprivacy.it\" target=\"_blank\">www.garanteprivacy.it<\/a><\/p>\n<p>Romani Disinfestazioni Srl<br \/>\nVia dei Bichi,150\/c 55100 Lucca<br \/>\nTel 0583-955344 Fax 0583-919269<\/p>\n<div class=\"likebtn_container\" style=\"\"><!-- LikeBtn.com BEGIN --><span class=\"likebtn-wrapper\"  data-identifier=\"page_4089\"  data-lang=\"it\"  data-style=\"\"  data-unlike_allowed=\"\"  data-show_copyright=\"\"  data-item_url=\"https:\/\/www.romanidisinfestazioni.com\/index.php\/privacy\/\"  data-item_title=\"Privacy\"  data-item_date=\"2016-01-12T13:46:24+00:00\"  data-engine=\"WordPress\"  data-plugin_v=\"2.6.59\"  data-event_handler=\"likebtn_eh\" ><\/span><!-- LikeBtn.com END --><\/div>","protected":false},"excerpt":{"rendered":"<p>INFORMATIVA SUL TRATTAMENTO DEI DATI PERSONALI PER DATI RACCOLTI PRESSO L&#8217;INTERESSATOPER IL TRATTAMENTO Anagrafica Clientiai sensi dell&#8217;art. 13 del Regolamento (UE) 679\/2016 relativo alla protezione delle persone fisiche con riguardo al trattamento dei dati personaliROMANI DISINFESTAZIONI SRL (5585) (nel seguito la &#8220;Societ\u00e0&#8221; o il &#8220;Titolare&#8221;), con sede legale in VIA DEI BICHI 150\/c55100LUCCA (LU) Italia [&hellip;]<\/p>\n<div class=\"likebtn_container\" style=\"\"><!-- LikeBtn.com BEGIN --><span class=\"likebtn-wrapper\"  data-identifier=\"page_4089\"  data-lang=\"it\"  data-style=\"\"  data-unlike_allowed=\"\"  data-show_copyright=\"\"  data-item_url=\"https:\/\/www.romanidisinfestazioni.com\/index.php\/privacy\/\"  data-item_title=\"Privacy\"  data-item_date=\"2016-01-12T13:46:24+00:00\"  data-engine=\"WordPress\"  data-plugin_v=\"2.6.59\"  data-event_handler=\"likebtn_eh\" ><\/span><!-- LikeBtn.com END --><\/div>","protected":false},"author":1,"featured_media":0,"parent":0,"menu_order":0,"comment_status":"open","ping_status":"open","template":"","meta":{"footnotes":""},"class_list":["post-4089","page","type-page","status-publish","hentry"],"yoast_head":"<!-- This site is optimized with the Yoast SEO plugin v27.3 - https:\/\/yoast.com\/product\/yoast-seo-wordpress\/ -->\r\n<title>Legge sulla Privacy - Servizi di Pest control<\/title>\r\n<meta name=\"description\" content=\"Quadro normativo di riferimento:Legge detta della Privacy n. 675 del 31 dicembre 1996 rispetto al trattamento dei dati personali\" \/>\r\n<meta name=\"robots\" content=\"index, follow, max-snippet:-1, max-image-preview:large, max-video-preview:-1\" \/>\r\n<link rel=\"canonical\" href=\"https:\/\/www.romanidisinfestazioni.com\/index.php\/privacy\/\" \/>\r\n<meta property=\"og:locale\" content=\"it_IT\" \/>\r\n<meta property=\"og:type\" content=\"article\" \/>\r\n<meta property=\"og:title\" content=\"Legge sulla Privacy - Servizi di Pest control\" \/>\r\n<meta property=\"og:description\" content=\"Quadro normativo di riferimento:Legge detta della Privacy n. 675 del 31 dicembre 1996 rispetto al trattamento dei dati personali\" \/>\r\n<meta property=\"og:url\" content=\"https:\/\/www.romanidisinfestazioni.com\/index.php\/privacy\/\" \/>\r\n<meta property=\"og:site_name\" content=\"Romani Disinfestazioni Srl\" \/>\r\n<meta property=\"article:publisher\" content=\"http:\/\/www.facebook.com\/pages\/Romani-Igiene-Ambientale\/267582806619007\" \/>\r\n<meta property=\"article:modified_time\" content=\"2020-08-13T19:51:21+00:00\" \/>\r\n<meta name=\"twitter:card\" content=\"summary_large_image\" \/>\r\n<meta name=\"twitter:site\" content=\"@romanidisinfe\" \/>\r\n<meta name=\"twitter:label1\" content=\"Tempo di lettura stimato\" \/>\n\t<meta name=\"twitter:data1\" content=\"2 minuti\" \/>\r\n<script type=\"application\/ld+json\" class=\"yoast-schema-graph\">{\"@context\":\"https:\\\/\\\/schema.org\",\"@graph\":[{\"@type\":\"WebPage\",\"@id\":\"https:\\\/\\\/www.romanidisinfestazioni.com\\\/index.php\\\/privacy\\\/\",\"url\":\"https:\\\/\\\/www.romanidisinfestazioni.com\\\/index.php\\\/privacy\\\/\",\"name\":\"Legge sulla Privacy - Servizi di Pest control\",\"isPartOf\":{\"@id\":\"https:\\\/\\\/www.romanidisinfestazioni.com\\\/#website\"},\"datePublished\":\"2016-01-12T13:46:24+00:00\",\"dateModified\":\"2020-08-13T19:51:21+00:00\",\"description\":\"Quadro normativo di riferimento:Legge detta della Privacy n. 675 del 31 dicembre 1996 rispetto al trattamento dei dati personali\",\"breadcrumb\":{\"@id\":\"https:\\\/\\\/www.romanidisinfestazioni.com\\\/index.php\\\/privacy\\\/#breadcrumb\"},\"inLanguage\":\"it-IT\",\"potentialAction\":[{\"@type\":\"ReadAction\",\"target\":[\"https:\\\/\\\/www.romanidisinfestazioni.com\\\/index.php\\\/privacy\\\/\"]}]},{\"@type\":\"BreadcrumbList\",\"@id\":\"https:\\\/\\\/www.romanidisinfestazioni.com\\\/index.php\\\/privacy\\\/#breadcrumb\",\"itemListElement\":[{\"@type\":\"ListItem\",\"position\":1,\"name\":\"Home\",\"item\":\"https:\\\/\\\/www.romanidisinfestazioni.com\\\/\"},{\"@type\":\"ListItem\",\"position\":2,\"name\":\"Privacy\"}]},{\"@type\":\"WebSite\",\"@id\":\"https:\\\/\\\/www.romanidisinfestazioni.com\\\/#website\",\"url\":\"https:\\\/\\\/www.romanidisinfestazioni.com\\\/\",\"name\":\"Romani Disinfestazioni Srl\",\"description\":\"Servizi di monitoraggio infestanti per Aziende Alimentari Certificate BRC\\\/IFS\",\"potentialAction\":[{\"@type\":\"SearchAction\",\"target\":{\"@type\":\"EntryPoint\",\"urlTemplate\":\"https:\\\/\\\/www.romanidisinfestazioni.com\\\/?s={search_term_string}\"},\"query-input\":{\"@type\":\"PropertyValueSpecification\",\"valueRequired\":true,\"valueName\":\"search_term_string\"}}],\"inLanguage\":\"it-IT\"}]}<\/script>\r\n<!-- \/ Yoast SEO plugin. -->","yoast_head_json":{"title":"Legge sulla Privacy - Servizi di Pest control","description":"Quadro normativo di riferimento:Legge detta della Privacy n. 675 del 31 dicembre 1996 rispetto al trattamento dei dati personali","robots":{"index":"index","follow":"follow","max-snippet":"max-snippet:-1","max-image-preview":"max-image-preview:large","max-video-preview":"max-video-preview:-1"},"canonical":"https:\/\/www.romanidisinfestazioni.com\/index.php\/privacy\/","og_locale":"it_IT","og_type":"article","og_title":"Legge sulla Privacy - Servizi di Pest control","og_description":"Quadro normativo di riferimento:Legge detta della Privacy n. 675 del 31 dicembre 1996 rispetto al trattamento dei dati personali","og_url":"https:\/\/www.romanidisinfestazioni.com\/index.php\/privacy\/","og_site_name":"Romani Disinfestazioni Srl","article_publisher":"http:\/\/www.facebook.com\/pages\/Romani-Igiene-Ambientale\/267582806619007","article_modified_time":"2020-08-13T19:51:21+00:00","twitter_card":"summary_large_image","twitter_site":"@romanidisinfe","twitter_misc":{"Tempo di lettura stimato":"2 minuti"},"schema":{"@context":"https:\/\/schema.org","@graph":[{"@type":"WebPage","@id":"https:\/\/www.romanidisinfestazioni.com\/index.php\/privacy\/","url":"https:\/\/www.romanidisinfestazioni.com\/index.php\/privacy\/","name":"Legge sulla Privacy - Servizi di Pest control","isPartOf":{"@id":"https:\/\/www.romanidisinfestazioni.com\/#website"},"datePublished":"2016-01-12T13:46:24+00:00","dateModified":"2020-08-13T19:51:21+00:00","description":"Quadro normativo di riferimento:Legge detta della Privacy n. 675 del 31 dicembre 1996 rispetto al trattamento dei dati personali","breadcrumb":{"@id":"https:\/\/www.romanidisinfestazioni.com\/index.php\/privacy\/#breadcrumb"},"inLanguage":"it-IT","potentialAction":[{"@type":"ReadAction","target":["https:\/\/www.romanidisinfestazioni.com\/index.php\/privacy\/"]}]},{"@type":"BreadcrumbList","@id":"https:\/\/www.romanidisinfestazioni.com\/index.php\/privacy\/#breadcrumb","itemListElement":[{"@type":"ListItem","position":1,"name":"Home","item":"https:\/\/www.romanidisinfestazioni.com\/"},{"@type":"ListItem","position":2,"name":"Privacy"}]},{"@type":"WebSite","@id":"https:\/\/www.romanidisinfestazioni.com\/#website","url":"https:\/\/www.romanidisinfestazioni.com\/","name":"Romani Disinfestazioni Srl","description":"Servizi di monitoraggio infestanti per Aziende Alimentari Certificate BRC\/IFS","potentialAction":[{"@type":"SearchAction","target":{"@type":"EntryPoint","urlTemplate":"https:\/\/www.romanidisinfestazioni.com\/?s={search_term_string}"},"query-input":{"@type":"PropertyValueSpecification","valueRequired":true,"valueName":"search_term_string"}}],"inLanguage":"it-IT"}]}},"_links":{"self":[{"href":"https:\/\/www.romanidisinfestazioni.com\/index.php\/wp-json\/wp\/v2\/pages\/4089","targetHints":{"allow":["GET"]}}],"collection":[{"href":"https:\/\/www.romanidisinfestazioni.com\/index.php\/wp-json\/wp\/v2\/pages"}],"about":[{"href":"https:\/\/www.romanidisinfestazioni.com\/index.php\/wp-json\/wp\/v2\/types\/page"}],"author":[{"embeddable":true,"href":"https:\/\/www.romanidisinfestazioni.com\/index.php\/wp-json\/wp\/v2\/users\/1"}],"replies":[{"embeddable":true,"href":"https:\/\/www.romanidisinfestazioni.com\/index.php\/wp-json\/wp\/v2\/comments?post=4089"}],"version-history":[{"count":25,"href":"https:\/\/www.romanidisinfestazioni.com\/index.php\/wp-json\/wp\/v2\/pages\/4089\/revisions"}],"predecessor-version":[{"id":7372,"href":"https:\/\/www.romanidisinfestazioni.com\/index.php\/wp-json\/wp\/v2\/pages\/4089\/revisions\/7372"}],"wp:attachment":[{"href":"https:\/\/www.romanidisinfestazioni.com\/index.php\/wp-json\/wp\/v2\/media?parent=4089"}],"curies":[{"name":"wp","href":"https:\/\/api.w.org\/{rel}","templated":true}]}}