{"id":4138,"date":"2016-01-23T11:25:34","date_gmt":"2016-01-23T11:25:34","guid":{"rendered":"http:\/\/www.romanidisinfestazioni.com\/?page_id=4138"},"modified":"2023-12-18T12:51:59","modified_gmt":"2023-12-18T12:51:59","slug":"cimici-dei-letti","status":"publish","type":"page","link":"https:\/\/www.romanidisinfestazioni.com\/index.php\/cimici-dei-letti\/","title":{"rendered":"Cimici dei letti : come disinfestare"},"content":{"rendered":"<p>Da alcuni anni le cimici dei letti (Cimex lectularius) hanno registrato un fortissimo aumento e proliferazione a livello globale.<\/p>\n<p>La loro presenza non \u00e8 pi\u00f9 limitata ad ambienti degradati e con carenze igienico-sanitarie come un tempo accadeva.<br \/>\nInfatti i continui flussi turistici e di persone da paesi lontani e che interessano principalmente le citt\u00e0 d&#8217;arte hanno determinato una sempre maggiore diffusione di questo infestante.<br \/>\nLa cosa pi\u00f9 importante per questi insetti non \u00e8 tanto rappresentato da carenze igieniche,come detto precedentemente ma bens\u00ec dalla disponibilit\u00e0 di nutrimento costituita dalla possibilit\u00e0 di trovare un ospite per effettuare il pasto di sangue.<\/p>\n<p><strong>Particolare degli effetti delle punture di cimici dei letti<\/strong><br \/>\n<img loading=\"lazy\" decoding=\"async\" class=\"alignleft size-full wp-image-4239\" src=\"http:\/\/www.romanidisinfestazioni.com\/wp-content\/uploads\/2016\/01\/bed-bug-bites.jpg\" alt=\"cimice\" width=\"247\" height=\"167\" srcset=\"https:\/\/www.romanidisinfestazioni.com\/wp-content\/uploads\/2016\/01\/bed-bug-bites.jpg 493w, https:\/\/www.romanidisinfestazioni.com\/wp-content\/uploads\/2016\/01\/bed-bug-bites-150x101.jpg 150w, https:\/\/www.romanidisinfestazioni.com\/wp-content\/uploads\/2016\/01\/bed-bug-bites-250x169.jpg 250w\" sizes=\"auto, (max-width: 247px) 100vw, 247px\" \/><\/p>\n<p>Per quanto riguarda gli ambienti colpiti sono molteplici ormai le segnalazioni e le infestazioni anche gravi anche in strutture ricettive di indiscusso prestigio: \u00e8 diventato un fenomeno globale di cui si sono occupati anche Media importanti come la BBC<\/p>\n<p><a href=\"https:\/\/www.youtube.com\/watch?v=ObVqT9daRuc%20\">https:\/\/www.youtube.com\/watch?v=ObVqT9daRuc<\/a><\/p>\n<p>e anche il National Geographic<\/p>\n<p><iframe loading=\"lazy\" title=\"Bed Bugs | National Geographic\" width=\"550\" height=\"413\" src=\"https:\/\/www.youtube.com\/embed\/WfKCcSPCOQo?feature=oembed\" frameborder=\"0\" allow=\"accelerometer; autoplay; clipboard-write; encrypted-media; gyroscope; picture-in-picture; web-share\" referrerpolicy=\"strict-origin-when-cross-origin\" allowfullscreen><\/iframe><\/p>\n<p>La loro particolare capacit\u00e0 di resistere ai prodotti insetticidi e le caratteristiche morfologiche consentono alle cimici di superare cicli di trattamenti successivi anche radicali.Infatti alcune tecniche oltre che insufficienti possono favorire la migrazione di questi insetti che vanno in taluni casi ad infestare zone o locali inizialmente immuni dall&#8217;infestazione: pensiamo per esempio all&#8217;uso dei piretroidi che hanno una capacit\u00e0 repellente riconosciuta nei confronti degli insetti ed \u00e8 questa una peculiare caratteristica di questi prodotti che spesso viene sfruttata a nostro vantaggio ma che in taluni casi pu\u00f2 essere controproducente.<\/p>\n<p><u>Attrezzature impiegate<\/u><\/p>\n<p>La distribuzione dei formulati ad azione insetticida avverr\u00e0 mediante nebulizzatori manuali, a pompa manuale o a batteria. Si tratta di apparecchiature che producono un getto nebulizzato di soluzione insetticida che andr\u00e0 a depositarsi sui pavimenti, nei battiscopa nelle aree interne o sui vialetti, marciapiedi, muretti fino ad un altezza di 80 cm se in area esterna, con l\u2019obiettivo che tutte le superfici potenzialmente infestate siano sottoposte al trattamento ed eliminando di conseguenza le Cimici dei Lettie presenti nell\u2019ambiente .<\/p>\n<p>A complemento della disinfestazione nelle aree interne possono essere utilizzati barattoli fumiganti e\/o a svuotamento totale, i quali verranno dislocati nei vari ambienti avendo cura di dimensionare il cubaggio di ogni barattolo all\u2019ambiente da trattare.<\/p>\n<p><a href=\"https:\/\/www.romanidisinfestazioni.com\/index.php\/le-zecche-cosa-sono-e-come-si-eliminano\/pompa_marolex\/\" rel=\"attachment wp-att-7695\"><img loading=\"lazy\" decoding=\"async\" class=\"aligncenter wp-image-7695\" src=\"https:\/\/www.romanidisinfestazioni.com\/wp-content\/uploads\/2010\/07\/Pompa_Marolex.jpg\" alt=\"pompa_marolex\" width=\"180\" height=\"344\" srcset=\"https:\/\/www.romanidisinfestazioni.com\/wp-content\/uploads\/2010\/07\/Pompa_Marolex.jpg 292w, https:\/\/www.romanidisinfestazioni.com\/wp-content\/uploads\/2010\/07\/Pompa_Marolex-78x150.jpg 78w, https:\/\/www.romanidisinfestazioni.com\/wp-content\/uploads\/2010\/07\/Pompa_Marolex-131x250.jpg 131w\" sizes=\"auto, (max-width: 180px) 100vw, 180px\" \/><\/a><em>Figura <\/em><em>1<\/em><em> Pompa a Batteria<\/em><\/p>\n<p><strong><u>Prodotti disponibili<\/u><\/strong><\/p>\n<p>I prodotti utilizzabili appartengono alla Categoria dei Biocidi e Prodotti Presidi Medico Chirurgici.<\/p>\n<p>Possono essere prodotti liquidi concentrati e da diluire oppure pronti all\u2019uso, ve ne sono di molte tipologie e caratteristiche ma quello che contraddistingue la scelta del prodotto \u00e8 che sia specificamente citata in etichetta la specie target.<\/p>\n<p><strong>Vapore saturo secco<\/strong><br \/>\nIl vapore saturo secco viene erogato da macchine che assicurano una temperatura maggiore del vapore in uscita rispetto alle comuni vaporelle e quindi una maggiore efficacia nell\u2019uccidere per shock termico le cimici e le loro uova.<\/p>\n<p>Questa metodica \u00e8 forse quella pi\u00f9 utilizzata per la sua facilit\u00e0 d\u2019impiego e per la sua efficacia. \u00c8 opportuno per\u00f2 considerare come i materiali elettrici non possono essere trattati con questa metodica per il rischio di elettrocuzione.<\/p>\n<p><a href=\"https:\/\/www.romanidisinfestazioni.com\/index.php\/cimici-dei-letti\/cimex\/\" rel=\"attachment wp-att-4246\"><img loading=\"lazy\" decoding=\"async\" class=\"aligncenter wp-image-4246\" src=\"https:\/\/www.romanidisinfestazioni.com\/wp-content\/uploads\/2016\/01\/cimex.jpg\" alt=\"cimici\" width=\"302\" height=\"241\" srcset=\"https:\/\/www.romanidisinfestazioni.com\/wp-content\/uploads\/2016\/01\/cimex.jpg 523w, https:\/\/www.romanidisinfestazioni.com\/wp-content\/uploads\/2016\/01\/cimex-150x119.jpg 150w, https:\/\/www.romanidisinfestazioni.com\/wp-content\/uploads\/2016\/01\/cimex-250x199.jpg 250w\" sizes=\"auto, (max-width: 302px) 100vw, 302px\" \/><\/a><\/p>\n<p>Romani Disinfestazioni ha attivato servizi di disinfestazione utilizzando il vapore secco saturo come strumento di controllo delle infestazioni,consentendo in questo modo una efficace abbattenza della popolazione di cimici unita all&#8217;assenza di residui chimici nell&#8217;ambiente.<br \/>\nTra le caratteristiche principali di questa metodologia ricordiamo:<br \/>\n&#8211; produrre vapore secco saturo a 180\u00b0C.E&#8217; quindi un sistema ecologico atossico.<br \/>\n&#8211; sfrutta la capacit\u00e0 del vapore di debellare il parassita in tutti i suoi stadi di sviluppo: uovo-stadi giovanili-adulti.<br \/>\n&#8211; immediato riutilizzo degli ambienti trattati consentendo di limitare le perdite economiche.<br \/>\n&#8211; assenza di controindicazioni su tessuti,arredi,mobilia.<\/p>\n<p><strong>Trattamenti termici ambientali<\/strong><br \/>\nI trattamenti termici ambientali consistono nell\u2019innalzare la temperatura in ambiente infestato tramite termoconvettori al fine di uccidere le cimici presenti nell\u2019ambiente stesso.<\/p>\n<p><a href=\"https:\/\/www.romanidisinfestazioni.com\/index.php\/grande-impresa\/disinfestazione-con-il-calore\/ht_ecosystem_calore-1115x474\/\" rel=\"attachment wp-att-4203\"><img loading=\"lazy\" decoding=\"async\" class=\"aligncenter size-full wp-image-4203\" src=\"https:\/\/www.romanidisinfestazioni.com\/wp-content\/uploads\/2016\/02\/HT_ecosystem_calore-1115x474.jpg\" alt=\"disinfestazione calore\" width=\"1115\" height=\"474\" srcset=\"https:\/\/www.romanidisinfestazioni.com\/wp-content\/uploads\/2016\/02\/HT_ecosystem_calore-1115x474.jpg 1115w, https:\/\/www.romanidisinfestazioni.com\/wp-content\/uploads\/2016\/02\/HT_ecosystem_calore-1115x474-150x63.jpg 150w, https:\/\/www.romanidisinfestazioni.com\/wp-content\/uploads\/2016\/02\/HT_ecosystem_calore-1115x474-250x106.jpg 250w\" sizes=\"auto, (max-width: 1115px) 100vw, 1115px\" \/><\/a><\/p>\n<p>Le temperature devono essere tali (circa 55\u00b0C) e applicate il tempo sufficiente e necessario a garantire una temperatura letale in tutti i rifugi scelti dalle cimici come luoghi di aggregazione, anche quelli costituti da materiale che ha una alta resistenza termica e quindi una minore tendenza a riscaldarsi e condurre il calore.<\/p>\n<p>A queste temperature si garantisce la morte di tutti gli stadi vitali dell\u2019insetto, a meno che non vi siano rifugi dentro i quali gli insetti si possano riparare,<\/p>\n<p>Questi trattamenti non hanno un effetto residuale per cui possono essere definiti ecologici.<\/p>\n<p><strong>Il monitoraggio delle Cimici dei Letti<\/strong><\/p>\n<p><a href=\"http:\/\/www.romanidisinfestazioni.com\/wp-content\/uploads\/2016\/01\/Cimici-dei-letti-passiva.jpg\"><img loading=\"lazy\" decoding=\"async\" class=\"alignleft size-large wp-image-4149\" src=\"http:\/\/www.romanidisinfestazioni.com\/wp-content\/uploads\/2016\/01\/Cimici-dei-letti-passiva-250x188.jpg\" alt=\"Cimici\" width=\"250\" height=\"188\" srcset=\"https:\/\/www.romanidisinfestazioni.com\/wp-content\/uploads\/2016\/01\/Cimici-dei-letti-passiva-250x188.jpg 250w, https:\/\/www.romanidisinfestazioni.com\/wp-content\/uploads\/2016\/01\/Cimici-dei-letti-passiva-150x112.jpg 150w, https:\/\/www.romanidisinfestazioni.com\/wp-content\/uploads\/2016\/01\/Cimici-dei-letti-passiva-100x75.jpg 100w, https:\/\/www.romanidisinfestazioni.com\/wp-content\/uploads\/2016\/01\/Cimici-dei-letti-passiva.jpg 400w\" sizes=\"auto, (max-width: 250px) 100vw, 250px\" \/><\/a>Queste trappole in genere simulano anfratti che favoriscano i fenomeni di annidamento naturale delle cimici in prossimit\u00e0 dei luoghi dove soggiorna e dorme l&#8217;ospite.<br \/>\nCome saprete le cimici infatti non vivono a contatto con l&#8217;ospite (come le zecche per esempio) ma colpiscono solo al bisogno e passano il tempo in cui non si nutrono all&#8217;interno di luoghi di annidamento,spesso in &#8220;compagnia&#8221; dei propri simili.<br \/>\nQuesto fenomeno \u00e8 favorito dall&#8217;emissione di feromoni di aggregazione.<br \/>\nLe trappole sono molto utili per evidenziare la presenza degli insetti e delle loro macchie fecali.<br \/>\nEsistono sul mercato trappole cosidette &#8220;Attive&#8221; che simulano particolari condizioni di attrazione,come il calore,la CO2 o feromoni di aggregazione ecc per cui su questo punto \u00e8 bene aggiornarsi continuamente su cosa il mercato offra di nuovo.<\/p>\n<p><strong>I coprimaterassi<\/strong><\/p>\n<p><a href=\"http:\/\/www.romanidisinfestazioni.com\/wp-content\/uploads\/2012\/04\/protect_a_bed.jpg\"><img loading=\"lazy\" decoding=\"async\" class=\"alignleft size-full wp-image-1399\" src=\"http:\/\/www.romanidisinfestazioni.com\/wp-content\/uploads\/2012\/04\/protect_a_bed.jpg\" alt=\"prevenzione_cimic_romani_disinfestazioni\" width=\"190\" height=\"153\" srcset=\"https:\/\/www.romanidisinfestazioni.com\/wp-content\/uploads\/2012\/04\/protect_a_bed.jpg 380w, https:\/\/www.romanidisinfestazioni.com\/wp-content\/uploads\/2012\/04\/protect_a_bed-300x242.jpg 300w\" sizes=\"auto, (max-width: 190px) 100vw, 190px\" \/><\/a><br \/>\nQuesti coprimaterassi minimizzano il rischio di future reinfestazioni all&#8217;interno dei materassi stessi preservando il loro valore.<br \/>\nRecentemente disponibili nel nostro paese sono particolarmente utili come necessario complemento ad un intervento di disinfestazione e sono talvolta indispensabili per evitare perdite economiche anche considerevoli e sono riutilizzabili.<br \/>\nSono concepiti per evitare future reinfestazioni dei materassi gi\u00e0 bonificati.<br \/>\nNe esistono di diverse dimensioni in modo da adattarsi alle piu&#8217; comuni misure di materassi presenti sul mercato.<\/p>\n<p><strong>I sacchi idrosolubili per la biancheria<\/strong><\/p>\n<p><a href=\"http:\/\/www.romanidisinfestazioni.com\/wp-content\/uploads\/2016\/01\/sacco_idrosolubile_cimici_dei_letti.jpg\"><img loading=\"lazy\" decoding=\"async\" class=\"alignleft size-large wp-image-4150\" src=\"http:\/\/www.romanidisinfestazioni.com\/wp-content\/uploads\/2016\/01\/sacco_idrosolubile_cimici_dei_letti-250x159.jpg\" alt=\"cimici\" width=\"250\" height=\"159\" srcset=\"https:\/\/www.romanidisinfestazioni.com\/wp-content\/uploads\/2016\/01\/sacco_idrosolubile_cimici_dei_letti-250x159.jpg 250w, https:\/\/www.romanidisinfestazioni.com\/wp-content\/uploads\/2016\/01\/sacco_idrosolubile_cimici_dei_letti-150x95.jpg 150w, https:\/\/www.romanidisinfestazioni.com\/wp-content\/uploads\/2016\/01\/sacco_idrosolubile_cimici_dei_letti.jpg 522w\" sizes=\"auto, (max-width: 250px) 100vw, 250px\" \/><\/a><br \/>\nDa oggi disponibili anche i sacchi idrosolubili che ti consentiranno di inserire direttamente in lavatrice lenzuola o tessuti con sospetta infestazione.<br \/>\nEvitando cos\u00ec la dispersione di insetti e uova nell&#8217;ambiente o nel tragitto dalle camere alla lavanderia<br \/>\nquesti sacchi sono particolarmente indicati per Alberghi e Hotels.<\/p>\n<p>Chiedici maggiori informazioni telefonando al numero 0583-955344 e saremmo lieti di poter dare ulteriori chiarimenti sui metodi che utilizziamo.<\/p>\n<p>Sono sempre auspicabili inoltre gli incontri formativi che possiamo fornire ai Clienti interessati dove andiamo a spiegare come poter riconoscere questo tipo di infestazioni prima che il problema si evidenzi in tutta la sua problematicit\u00e0,nozioni particolarmente utili per il personale preposto alle pulizie nelle strutture ricettive il quale giornalmente \u00e8 presente nelle camere dove effettua le proprie mansioni.<\/p>\n<p><a href=\"http:\/\/www.romanidisinfestazioni.com\/index.php\/le-cimici-dei-letti-cimex-lectarius-rimedi\/\"><img loading=\"lazy\" decoding=\"async\" class=\"aligncenter size-large wp-image-6039\" src=\"http:\/\/www.romanidisinfestazioni.com\/wp-content\/uploads\/2016\/01\/Attestato-Incontro-Cimici-dei-Letti-250x177.jpg\" alt=\"cimici\" width=\"250\" height=\"177\" srcset=\"https:\/\/www.romanidisinfestazioni.com\/wp-content\/uploads\/2016\/01\/Attestato-Incontro-Cimici-dei-Letti-250x177.jpg 250w, https:\/\/www.romanidisinfestazioni.com\/wp-content\/uploads\/2016\/01\/Attestato-Incontro-Cimici-dei-Letti-150x106.jpg 150w, https:\/\/www.romanidisinfestazioni.com\/wp-content\/uploads\/2016\/01\/Attestato-Incontro-Cimici-dei-Letti-768x543.jpg 768w, https:\/\/www.romanidisinfestazioni.com\/wp-content\/uploads\/2016\/01\/Attestato-Incontro-Cimici-dei-Letti-820x579.jpg 820w, https:\/\/www.romanidisinfestazioni.com\/wp-content\/uploads\/2016\/01\/Attestato-Incontro-Cimici-dei-Letti.jpg 1169w\" sizes=\"auto, (max-width: 250px) 100vw, 250px\" \/><\/a><\/p>\n<div class=\"likebtn_container\" style=\"\"><!-- LikeBtn.com BEGIN --><span class=\"likebtn-wrapper\"  data-identifier=\"page_4138\"  data-lang=\"it\"  data-style=\"\"  data-unlike_allowed=\"\"  data-show_copyright=\"\"  data-item_url=\"https:\/\/www.romanidisinfestazioni.com\/index.php\/cimici-dei-letti\/\"  data-item_title=\"Cimici dei letti : come disinfestare\"  data-item_image=\"https:\/\/www.romanidisinfestazioni.com\/wp-content\/uploads\/2016\/01\/images-250x125.jpg\"  data-item_date=\"2016-01-23T11:25:34+00:00\"  data-engine=\"WordPress\"  data-plugin_v=\"2.6.60\"  data-event_handler=\"likebtn_eh\" ><\/span><!-- LikeBtn.com END --><\/div>","protected":false},"excerpt":{"rendered":"<p>Da alcuni anni le cimici dei letti (Cimex lectularius) hanno registrato un fortissimo aumento e proliferazione a livello globale. La loro presenza non \u00e8 pi\u00f9 limitata ad ambienti degradati e con carenze igienico-sanitarie come un tempo accadeva. Infatti i continui flussi turistici e di persone da paesi lontani e che interessano principalmente le citt\u00e0 d&#8217;arte [&hellip;]<\/p>\n<div class=\"likebtn_container\" style=\"\"><!-- LikeBtn.com BEGIN --><span class=\"likebtn-wrapper\"  data-identifier=\"page_4138\"  data-lang=\"it\"  data-style=\"\"  data-unlike_allowed=\"\"  data-show_copyright=\"\"  data-item_url=\"https:\/\/www.romanidisinfestazioni.com\/index.php\/cimici-dei-letti\/\"  data-item_title=\"Cimici dei letti : come disinfestare\"  data-item_image=\"https:\/\/www.romanidisinfestazioni.com\/wp-content\/uploads\/2016\/01\/images-250x125.jpg\"  data-item_date=\"2016-01-23T11:25:34+00:00\"  data-engine=\"WordPress\"  data-plugin_v=\"2.6.60\"  data-event_handler=\"likebtn_eh\" ><\/span><!-- LikeBtn.com END --><\/div>","protected":false},"author":1,"featured_media":4237,"parent":0,"menu_order":0,"comment_status":"open","ping_status":"open","template":"","meta":{"footnotes":""},"class_list":["post-4138","page","type-page","status-publish","has-post-thumbnail","hentry"],"yoast_head":"<!-- This site is optimized with the Yoast SEO plugin v27.6 - https:\/\/yoast.com\/product\/yoast-seo-wordpress\/ -->\r\n<title>Cimici dei letti : come disinfestare - Romani Disinfestazioni Srl<\/title>\r\n<meta name=\"robots\" content=\"index, follow, max-snippet:-1, max-image-preview:large, max-video-preview:-1\" \/>\r\n<link rel=\"canonical\" href=\"https:\/\/www.romanidisinfestazioni.com\/index.php\/cimici-dei-letti\/\" \/>\r\n<meta property=\"og:locale\" content=\"it_IT\" \/>\r\n<meta property=\"og:type\" content=\"article\" \/>\r\n<meta property=\"og:title\" content=\"Cimici dei letti : come disinfestare - Romani Disinfestazioni Srl\" \/>\r\n<meta property=\"og:description\" content=\"Da alcuni anni le cimici dei letti (Cimex lectularius) hanno registrato un fortissimo aumento e proliferazione a livello globale. La loro presenza non \u00e8 pi\u00f9 limitata ad ambienti degradati e con carenze igienico-sanitarie come un tempo accadeva. Infatti i continui flussi turistici e di persone da paesi lontani e che interessano principalmente le citt\u00e0 d&#8217;arte [&hellip;]\" \/>\r\n<meta property=\"og:url\" content=\"https:\/\/www.romanidisinfestazioni.com\/index.php\/cimici-dei-letti\/\" \/>\r\n<meta property=\"og:site_name\" content=\"Romani Disinfestazioni Srl\" \/>\r\n<meta property=\"article:publisher\" content=\"http:\/\/www.facebook.com\/pages\/Romani-Igiene-Ambientale\/267582806619007\" \/>\r\n<meta property=\"article:modified_time\" content=\"2023-12-18T12:51:59+00:00\" \/>\r\n<meta property=\"og:image\" content=\"https:\/\/www.romanidisinfestazioni.com\/wp-content\/uploads\/2016\/01\/images.jpg\" \/>\r\n\t<meta property=\"og:image:width\" content=\"318\" \/>\r\n\t<meta property=\"og:image:height\" content=\"159\" \/>\r\n\t<meta property=\"og:image:type\" content=\"image\/jpeg\" \/>\r\n<meta name=\"twitter:card\" content=\"summary_large_image\" \/>\r\n<meta name=\"twitter:site\" content=\"@romanidisinfe\" \/>\r\n<meta name=\"twitter:label1\" content=\"Tempo di lettura stimato\" \/>\n\t<meta name=\"twitter:data1\" content=\"8 minuti\" \/>\r\n<script type=\"application\/ld+json\" class=\"yoast-schema-graph\">{\"@context\":\"https:\\\/\\\/schema.org\",\"@graph\":[{\"@type\":\"WebPage\",\"@id\":\"https:\\\/\\\/www.romanidisinfestazioni.com\\\/index.php\\\/cimici-dei-letti\\\/\",\"url\":\"https:\\\/\\\/www.romanidisinfestazioni.com\\\/index.php\\\/cimici-dei-letti\\\/\",\"name\":\"Cimici dei letti : come disinfestare - Romani Disinfestazioni Srl\",\"isPartOf\":{\"@id\":\"https:\\\/\\\/www.romanidisinfestazioni.com\\\/#website\"},\"primaryImageOfPage\":{\"@id\":\"https:\\\/\\\/www.romanidisinfestazioni.com\\\/index.php\\\/cimici-dei-letti\\\/#primaryimage\"},\"image\":{\"@id\":\"https:\\\/\\\/www.romanidisinfestazioni.com\\\/index.php\\\/cimici-dei-letti\\\/#primaryimage\"},\"thumbnailUrl\":\"https:\\\/\\\/www.romanidisinfestazioni.com\\\/wp-content\\\/uploads\\\/2016\\\/01\\\/images.jpg\",\"datePublished\":\"2016-01-23T11:25:34+00:00\",\"dateModified\":\"2023-12-18T12:51:59+00:00\",\"breadcrumb\":{\"@id\":\"https:\\\/\\\/www.romanidisinfestazioni.com\\\/index.php\\\/cimici-dei-letti\\\/#breadcrumb\"},\"inLanguage\":\"it-IT\",\"potentialAction\":[{\"@type\":\"ReadAction\",\"target\":[\"https:\\\/\\\/www.romanidisinfestazioni.com\\\/index.php\\\/cimici-dei-letti\\\/\"]}]},{\"@type\":\"ImageObject\",\"inLanguage\":\"it-IT\",\"@id\":\"https:\\\/\\\/www.romanidisinfestazioni.com\\\/index.php\\\/cimici-dei-letti\\\/#primaryimage\",\"url\":\"https:\\\/\\\/www.romanidisinfestazioni.com\\\/wp-content\\\/uploads\\\/2016\\\/01\\\/images.jpg\",\"contentUrl\":\"https:\\\/\\\/www.romanidisinfestazioni.com\\\/wp-content\\\/uploads\\\/2016\\\/01\\\/images.jpg\",\"width\":318,\"height\":159,\"caption\":\"cimici\"},{\"@type\":\"BreadcrumbList\",\"@id\":\"https:\\\/\\\/www.romanidisinfestazioni.com\\\/index.php\\\/cimici-dei-letti\\\/#breadcrumb\",\"itemListElement\":[{\"@type\":\"ListItem\",\"position\":1,\"name\":\"Home\",\"item\":\"https:\\\/\\\/www.romanidisinfestazioni.com\\\/\"},{\"@type\":\"ListItem\",\"position\":2,\"name\":\"Cimici dei letti : come disinfestare\"}]},{\"@type\":\"WebSite\",\"@id\":\"https:\\\/\\\/www.romanidisinfestazioni.com\\\/#website\",\"url\":\"https:\\\/\\\/www.romanidisinfestazioni.com\\\/\",\"name\":\"Romani Disinfestazioni Srl\",\"description\":\"Servizi di monitoraggio infestanti per Aziende Alimentari Certificate BRC\\\/IFS\",\"potentialAction\":[{\"@type\":\"SearchAction\",\"target\":{\"@type\":\"EntryPoint\",\"urlTemplate\":\"https:\\\/\\\/www.romanidisinfestazioni.com\\\/?s={search_term_string}\"},\"query-input\":{\"@type\":\"PropertyValueSpecification\",\"valueRequired\":true,\"valueName\":\"search_term_string\"}}],\"inLanguage\":\"it-IT\"}]}<\/script>\r\n<!-- \/ Yoast SEO plugin. -->","yoast_head_json":{"title":"Cimici dei letti : come disinfestare - Romani Disinfestazioni Srl","robots":{"index":"index","follow":"follow","max-snippet":"max-snippet:-1","max-image-preview":"max-image-preview:large","max-video-preview":"max-video-preview:-1"},"canonical":"https:\/\/www.romanidisinfestazioni.com\/index.php\/cimici-dei-letti\/","og_locale":"it_IT","og_type":"article","og_title":"Cimici dei letti : come disinfestare - Romani Disinfestazioni Srl","og_description":"Da alcuni anni le cimici dei letti (Cimex lectularius) hanno registrato un fortissimo aumento e proliferazione a livello globale. La loro presenza non \u00e8 pi\u00f9 limitata ad ambienti degradati e con carenze igienico-sanitarie come un tempo accadeva. Infatti i continui flussi turistici e di persone da paesi lontani e che interessano principalmente le citt\u00e0 d&#8217;arte [&hellip;]","og_url":"https:\/\/www.romanidisinfestazioni.com\/index.php\/cimici-dei-letti\/","og_site_name":"Romani Disinfestazioni Srl","article_publisher":"http:\/\/www.facebook.com\/pages\/Romani-Igiene-Ambientale\/267582806619007","article_modified_time":"2023-12-18T12:51:59+00:00","og_image":[{"width":318,"height":159,"url":"https:\/\/www.romanidisinfestazioni.com\/wp-content\/uploads\/2016\/01\/images.jpg","type":"image\/jpeg"}],"twitter_card":"summary_large_image","twitter_site":"@romanidisinfe","twitter_misc":{"Tempo di lettura stimato":"8 minuti"},"schema":{"@context":"https:\/\/schema.org","@graph":[{"@type":"WebPage","@id":"https:\/\/www.romanidisinfestazioni.com\/index.php\/cimici-dei-letti\/","url":"https:\/\/www.romanidisinfestazioni.com\/index.php\/cimici-dei-letti\/","name":"Cimici dei letti : come disinfestare - Romani Disinfestazioni Srl","isPartOf":{"@id":"https:\/\/www.romanidisinfestazioni.com\/#website"},"primaryImageOfPage":{"@id":"https:\/\/www.romanidisinfestazioni.com\/index.php\/cimici-dei-letti\/#primaryimage"},"image":{"@id":"https:\/\/www.romanidisinfestazioni.com\/index.php\/cimici-dei-letti\/#primaryimage"},"thumbnailUrl":"https:\/\/www.romanidisinfestazioni.com\/wp-content\/uploads\/2016\/01\/images.jpg","datePublished":"2016-01-23T11:25:34+00:00","dateModified":"2023-12-18T12:51:59+00:00","breadcrumb":{"@id":"https:\/\/www.romanidisinfestazioni.com\/index.php\/cimici-dei-letti\/#breadcrumb"},"inLanguage":"it-IT","potentialAction":[{"@type":"ReadAction","target":["https:\/\/www.romanidisinfestazioni.com\/index.php\/cimici-dei-letti\/"]}]},{"@type":"ImageObject","inLanguage":"it-IT","@id":"https:\/\/www.romanidisinfestazioni.com\/index.php\/cimici-dei-letti\/#primaryimage","url":"https:\/\/www.romanidisinfestazioni.com\/wp-content\/uploads\/2016\/01\/images.jpg","contentUrl":"https:\/\/www.romanidisinfestazioni.com\/wp-content\/uploads\/2016\/01\/images.jpg","width":318,"height":159,"caption":"cimici"},{"@type":"BreadcrumbList","@id":"https:\/\/www.romanidisinfestazioni.com\/index.php\/cimici-dei-letti\/#breadcrumb","itemListElement":[{"@type":"ListItem","position":1,"name":"Home","item":"https:\/\/www.romanidisinfestazioni.com\/"},{"@type":"ListItem","position":2,"name":"Cimici dei letti : come disinfestare"}]},{"@type":"WebSite","@id":"https:\/\/www.romanidisinfestazioni.com\/#website","url":"https:\/\/www.romanidisinfestazioni.com\/","name":"Romani Disinfestazioni Srl","description":"Servizi di monitoraggio infestanti per Aziende Alimentari Certificate BRC\/IFS","potentialAction":[{"@type":"SearchAction","target":{"@type":"EntryPoint","urlTemplate":"https:\/\/www.romanidisinfestazioni.com\/?s={search_term_string}"},"query-input":{"@type":"PropertyValueSpecification","valueRequired":true,"valueName":"search_term_string"}}],"inLanguage":"it-IT"}]}},"_links":{"self":[{"href":"https:\/\/www.romanidisinfestazioni.com\/index.php\/wp-json\/wp\/v2\/pages\/4138","targetHints":{"allow":["GET"]}}],"collection":[{"href":"https:\/\/www.romanidisinfestazioni.com\/index.php\/wp-json\/wp\/v2\/pages"}],"about":[{"href":"https:\/\/www.romanidisinfestazioni.com\/index.php\/wp-json\/wp\/v2\/types\/page"}],"author":[{"embeddable":true,"href":"https:\/\/www.romanidisinfestazioni.com\/index.php\/wp-json\/wp\/v2\/users\/1"}],"replies":[{"embeddable":true,"href":"https:\/\/www.romanidisinfestazioni.com\/index.php\/wp-json\/wp\/v2\/comments?post=4138"}],"version-history":[{"count":45,"href":"https:\/\/www.romanidisinfestazioni.com\/index.php\/wp-json\/wp\/v2\/pages\/4138\/revisions"}],"predecessor-version":[{"id":8576,"href":"https:\/\/www.romanidisinfestazioni.com\/index.php\/wp-json\/wp\/v2\/pages\/4138\/revisions\/8576"}],"wp:featuredmedia":[{"embeddable":true,"href":"https:\/\/www.romanidisinfestazioni.com\/index.php\/wp-json\/wp\/v2\/media\/4237"}],"wp:attachment":[{"href":"https:\/\/www.romanidisinfestazioni.com\/index.php\/wp-json\/wp\/v2\/media?parent=4138"}],"curies":[{"name":"wp","href":"https:\/\/api.w.org\/{rel}","templated":true}]}}