{"id":63,"date":"2010-03-17T16:42:33","date_gmt":"2010-03-17T16:42:33","guid":{"rendered":"http:\/\/www.romanidisinfestazioni.com\/?page_id=63"},"modified":"2016-12-28T20:00:06","modified_gmt":"2016-12-28T20:00:06","slug":"difesa-dai-tarli","status":"publish","type":"page","link":"https:\/\/www.romanidisinfestazioni.com\/index.php\/difesa-dai-tarli\/","title":{"rendered":"Difesa dai tarli"},"content":{"rendered":"<p>Romani Disinfestazioni Srl esegue servizi di <strong>difesa del legno<\/strong> dai tarli:<\/p>\n<div style=\"width: 102px\" class=\"wp-caption alignnone\"><img loading=\"lazy\" decoding=\"async\" src=\"http:\/\/www.romanidisinfestazioni.com\/wp-content\/upload\/tarlo.jpg\" width=\"92\" height=\"56\" \/><p class=\"wp-caption-text\">Hylotrupes Bajulus<\/p><\/div>\n<p>I servizi di disinfestazione antitarlo sono destinati\u00a0alla bonifica di infestazioni a carico di Anobium Punctatum, Hylotrupes Bajulus e Lyctus Bruneus.<\/p>\n<p><strong>Trattamento antitarlo dei mobili<\/strong><br \/>\nDa oggi anche a Lucca \u00e8 disponibile il trattamento a mezzo camera in atmosfera modificata per il trattamento antitarlo nonch\u00e8 la prima rete regionale per questo tipo di trattamenti senza l&#8217;utilizzo di prodotti chimici.<br \/>\nAttraverso l&#8217;uso di azoto si procede al trattamento della mobilia infestata;questa non dovr\u00e0 essere necessariamente spostata dall&#8217;appartamento o dal luogo in cui si trova ed al termine del trattamento non vi sar\u00e0 nessuna tossicit\u00e0 residuale nell&#8217;ambiente.Potranno essere trattati anche materiale come tappeti,libri antichi,strumenti musicali pregiati,pellicce,abiti,collezioni di insetti,animali imbalsamati e tanto pi\u00f9 \u00e8 pregiato il manufatto tanto pi\u00f9 indicato sar\u00e0 questo tipo di trattamento.<br \/>\nindicato per i mobili nelle abitazioni, per antiquari o restauratori.<\/p>\n<p><strong>Trattamento antitarlo delle travature principali e secondarie<\/strong><br \/>\nPer quanto riguarda le travature principali e secondarie delle abitazioni attaccate dai tarli il trattamento deve avere come obiettivo principale quello di far penetrare il prodotto pi\u00f9 in profondit\u00e0 possibile all&#8217;interno dell&#8217;essenza legnosa, cos\u00ec da &#8220;colpire&#8221; il tarlo all&#8217;interno delle gallerie ove esso si trova.I metodi principali sono basati sull&#8217; utilizzo di prodotti chimici antitarlo iniettati ad elevata pressione all&#8217;interno dell&#8217;essenza legnosa.<br \/>\nNelle travature vengono inseriti speciali tasselli con valvola di non ritorno distribuiti a distanze variabili l\u00b4uno dall\u00b4altro in modo da coprire tutto il manufatto in senso longitudinale.Una volta inseriti i tasselli ed inserito il prodotto a pressione si procede all\u00b4applicazione del cappuccio di protezione,di colore variabile a seconda del colore del trave.<\/p>\n<p><object width=\"480\" height=\"385\" classid=\"clsid:d27cdb6e-ae6d-11cf-96b8-444553540000\" codebase=\"http:\/\/download.macromedia.com\/pub\/shockwave\/cabs\/flash\/swflash.cab#version=6,0,40,0\"><param name=\"allowFullScreen\" value=\"true\" \/><param name=\"allowscriptaccess\" value=\"always\" \/><param name=\"src\" value=\"http:\/\/www.youtube.com\/v\/vJRLI-QQmMg&amp;hl=it_IT&amp;fs=1&amp;\" \/><param name=\"allowfullscreen\" value=\"true\" \/><embed width=\"480\" height=\"385\" type=\"application\/x-shockwave-flash\" src=\"http:\/\/www.youtube.com\/v\/vJRLI-QQmMg&amp;hl=it_IT&amp;fs=1&amp;\" allowfullscreen=\"allowfullscreen\" allowscriptaccess=\"always\" allowfullscreen=\"allowfullscreen\" \/><\/object><\/p>\n<div class=\"likebtn_container\" style=\"\"><!-- LikeBtn.com BEGIN --><span class=\"likebtn-wrapper\"  data-identifier=\"page_63\"  data-lang=\"it\"  data-style=\"\"  data-unlike_allowed=\"\"  data-show_copyright=\"\"  data-item_url=\"https:\/\/www.romanidisinfestazioni.com\/index.php\/difesa-dai-tarli\/\"  data-item_title=\"Difesa dai tarli\"  data-item_image=\"https:\/\/www.romanidisinfestazioni.com\/wp-content\/uploads\/2013\/03\/Mabi-Depliant_mini.jpg\"  data-item_date=\"2010-03-17T16:42:33+00:00\"  data-engine=\"WordPress\"  data-plugin_v=\"2.6.59\"  data-event_handler=\"likebtn_eh\" ><\/span><!-- LikeBtn.com END --><\/div>","protected":false},"excerpt":{"rendered":"<p>Romani Disinfestazioni Srl esegue servizi di difesa del legno dai tarli: I servizi di disinfestazione antitarlo sono destinati\u00a0alla bonifica di infestazioni a carico di Anobium Punctatum, Hylotrupes Bajulus e Lyctus Bruneus. Trattamento antitarlo dei mobili Da oggi anche a Lucca \u00e8 disponibile il trattamento a mezzo camera in atmosfera modificata per il trattamento antitarlo nonch\u00e8 [&hellip;]<\/p>\n<div class=\"likebtn_container\" style=\"\"><!-- LikeBtn.com BEGIN --><span class=\"likebtn-wrapper\"  data-identifier=\"page_63\"  data-lang=\"it\"  data-style=\"\"  data-unlike_allowed=\"\"  data-show_copyright=\"\"  data-item_url=\"https:\/\/www.romanidisinfestazioni.com\/index.php\/difesa-dai-tarli\/\"  data-item_title=\"Difesa dai tarli\"  data-item_image=\"https:\/\/www.romanidisinfestazioni.com\/wp-content\/uploads\/2013\/03\/Mabi-Depliant_mini.jpg\"  data-item_date=\"2010-03-17T16:42:33+00:00\"  data-engine=\"WordPress\"  data-plugin_v=\"2.6.59\"  data-event_handler=\"likebtn_eh\" ><\/span><!-- LikeBtn.com END --><\/div>","protected":false},"author":1,"featured_media":2168,"parent":0,"menu_order":0,"comment_status":"open","ping_status":"open","template":"","meta":{"footnotes":""},"class_list":["post-63","page","type-page","status-publish","has-post-thumbnail","hentry"],"yoast_head":"<!-- This site is optimized with the Yoast SEO plugin v27.3 - https:\/\/yoast.com\/product\/yoast-seo-wordpress\/ -->\r\n<title>Difesa dai tarli - Romani Disinfestazioni Srl<\/title>\r\n<meta name=\"robots\" content=\"index, follow, max-snippet:-1, max-image-preview:large, max-video-preview:-1\" \/>\r\n<link rel=\"canonical\" href=\"https:\/\/www.romanidisinfestazioni.com\/index.php\/difesa-dai-tarli\/\" \/>\r\n<meta property=\"og:locale\" content=\"it_IT\" \/>\r\n<meta property=\"og:type\" content=\"article\" \/>\r\n<meta property=\"og:title\" content=\"Difesa dai tarli - Romani Disinfestazioni Srl\" \/>\r\n<meta property=\"og:description\" content=\"Romani Disinfestazioni Srl esegue servizi di difesa del legno dai tarli: I servizi di disinfestazione antitarlo sono destinati\u00a0alla bonifica di infestazioni a carico di Anobium Punctatum, Hylotrupes Bajulus e Lyctus Bruneus. Trattamento antitarlo dei mobili Da oggi anche a Lucca \u00e8 disponibile il trattamento a mezzo camera in atmosfera modificata per il trattamento antitarlo nonch\u00e8 [&hellip;]\" \/>\r\n<meta property=\"og:url\" content=\"https:\/\/www.romanidisinfestazioni.com\/index.php\/difesa-dai-tarli\/\" \/>\r\n<meta property=\"og:site_name\" content=\"Romani Disinfestazioni Srl\" \/>\r\n<meta property=\"article:publisher\" content=\"http:\/\/www.facebook.com\/pages\/Romani-Igiene-Ambientale\/267582806619007\" \/>\r\n<meta property=\"article:modified_time\" content=\"2016-12-28T20:00:06+00:00\" \/>\r\n<meta property=\"og:image\" content=\"https:\/\/www.romanidisinfestazioni.com\/wp-content\/uploads\/2013\/03\/Mabi-Depliant_mini.jpg\" \/>\r\n\t<meta property=\"og:image:width\" content=\"200\" \/>\r\n\t<meta property=\"og:image:height\" content=\"141\" \/>\r\n\t<meta property=\"og:image:type\" content=\"image\/jpeg\" \/>\r\n<meta name=\"twitter:card\" content=\"summary_large_image\" \/>\r\n<meta name=\"twitter:site\" content=\"@romanidisinfe\" \/>\r\n<meta name=\"twitter:label1\" content=\"Tempo di lettura stimato\" \/>\n\t<meta name=\"twitter:data1\" content=\"1 minuto\" \/>\r\n<script type=\"application\/ld+json\" class=\"yoast-schema-graph\">{\"@context\":\"https:\\\/\\\/schema.org\",\"@graph\":[{\"@type\":\"WebPage\",\"@id\":\"https:\\\/\\\/www.romanidisinfestazioni.com\\\/index.php\\\/difesa-dai-tarli\\\/\",\"url\":\"https:\\\/\\\/www.romanidisinfestazioni.com\\\/index.php\\\/difesa-dai-tarli\\\/\",\"name\":\"Difesa dai tarli - Romani Disinfestazioni Srl\",\"isPartOf\":{\"@id\":\"https:\\\/\\\/www.romanidisinfestazioni.com\\\/#website\"},\"primaryImageOfPage\":{\"@id\":\"https:\\\/\\\/www.romanidisinfestazioni.com\\\/index.php\\\/difesa-dai-tarli\\\/#primaryimage\"},\"image\":{\"@id\":\"https:\\\/\\\/www.romanidisinfestazioni.com\\\/index.php\\\/difesa-dai-tarli\\\/#primaryimage\"},\"thumbnailUrl\":\"https:\\\/\\\/www.romanidisinfestazioni.com\\\/wp-content\\\/uploads\\\/2013\\\/03\\\/Mabi-Depliant_mini.jpg\",\"datePublished\":\"2010-03-17T16:42:33+00:00\",\"dateModified\":\"2016-12-28T20:00:06+00:00\",\"breadcrumb\":{\"@id\":\"https:\\\/\\\/www.romanidisinfestazioni.com\\\/index.php\\\/difesa-dai-tarli\\\/#breadcrumb\"},\"inLanguage\":\"it-IT\",\"potentialAction\":[{\"@type\":\"ReadAction\",\"target\":[\"https:\\\/\\\/www.romanidisinfestazioni.com\\\/index.php\\\/difesa-dai-tarli\\\/\"]}]},{\"@type\":\"ImageObject\",\"inLanguage\":\"it-IT\",\"@id\":\"https:\\\/\\\/www.romanidisinfestazioni.com\\\/index.php\\\/difesa-dai-tarli\\\/#primaryimage\",\"url\":\"https:\\\/\\\/www.romanidisinfestazioni.com\\\/wp-content\\\/uploads\\\/2013\\\/03\\\/Mabi-Depliant_mini.jpg\",\"contentUrl\":\"https:\\\/\\\/www.romanidisinfestazioni.com\\\/wp-content\\\/uploads\\\/2013\\\/03\\\/Mabi-Depliant_mini.jpg\",\"width\":200,\"height\":141,\"caption\":\"antitarlo\"},{\"@type\":\"BreadcrumbList\",\"@id\":\"https:\\\/\\\/www.romanidisinfestazioni.com\\\/index.php\\\/difesa-dai-tarli\\\/#breadcrumb\",\"itemListElement\":[{\"@type\":\"ListItem\",\"position\":1,\"name\":\"Home\",\"item\":\"https:\\\/\\\/www.romanidisinfestazioni.com\\\/\"},{\"@type\":\"ListItem\",\"position\":2,\"name\":\"Difesa dai tarli\"}]},{\"@type\":\"WebSite\",\"@id\":\"https:\\\/\\\/www.romanidisinfestazioni.com\\\/#website\",\"url\":\"https:\\\/\\\/www.romanidisinfestazioni.com\\\/\",\"name\":\"Romani Disinfestazioni Srl\",\"description\":\"Servizi di monitoraggio infestanti per Aziende Alimentari Certificate BRC\\\/IFS\",\"potentialAction\":[{\"@type\":\"SearchAction\",\"target\":{\"@type\":\"EntryPoint\",\"urlTemplate\":\"https:\\\/\\\/www.romanidisinfestazioni.com\\\/?s={search_term_string}\"},\"query-input\":{\"@type\":\"PropertyValueSpecification\",\"valueRequired\":true,\"valueName\":\"search_term_string\"}}],\"inLanguage\":\"it-IT\"}]}<\/script>\r\n<!-- \/ Yoast SEO plugin. -->","yoast_head_json":{"title":"Difesa dai tarli - Romani Disinfestazioni Srl","robots":{"index":"index","follow":"follow","max-snippet":"max-snippet:-1","max-image-preview":"max-image-preview:large","max-video-preview":"max-video-preview:-1"},"canonical":"https:\/\/www.romanidisinfestazioni.com\/index.php\/difesa-dai-tarli\/","og_locale":"it_IT","og_type":"article","og_title":"Difesa dai tarli - Romani Disinfestazioni Srl","og_description":"Romani Disinfestazioni Srl esegue servizi di difesa del legno dai tarli: I servizi di disinfestazione antitarlo sono destinati\u00a0alla bonifica di infestazioni a carico di Anobium Punctatum, Hylotrupes Bajulus e Lyctus Bruneus. Trattamento antitarlo dei mobili Da oggi anche a Lucca \u00e8 disponibile il trattamento a mezzo camera in atmosfera modificata per il trattamento antitarlo nonch\u00e8 [&hellip;]","og_url":"https:\/\/www.romanidisinfestazioni.com\/index.php\/difesa-dai-tarli\/","og_site_name":"Romani Disinfestazioni Srl","article_publisher":"http:\/\/www.facebook.com\/pages\/Romani-Igiene-Ambientale\/267582806619007","article_modified_time":"2016-12-28T20:00:06+00:00","og_image":[{"width":200,"height":141,"url":"https:\/\/www.romanidisinfestazioni.com\/wp-content\/uploads\/2013\/03\/Mabi-Depliant_mini.jpg","type":"image\/jpeg"}],"twitter_card":"summary_large_image","twitter_site":"@romanidisinfe","twitter_misc":{"Tempo di lettura stimato":"1 minuto"},"schema":{"@context":"https:\/\/schema.org","@graph":[{"@type":"WebPage","@id":"https:\/\/www.romanidisinfestazioni.com\/index.php\/difesa-dai-tarli\/","url":"https:\/\/www.romanidisinfestazioni.com\/index.php\/difesa-dai-tarli\/","name":"Difesa dai tarli - Romani Disinfestazioni Srl","isPartOf":{"@id":"https:\/\/www.romanidisinfestazioni.com\/#website"},"primaryImageOfPage":{"@id":"https:\/\/www.romanidisinfestazioni.com\/index.php\/difesa-dai-tarli\/#primaryimage"},"image":{"@id":"https:\/\/www.romanidisinfestazioni.com\/index.php\/difesa-dai-tarli\/#primaryimage"},"thumbnailUrl":"https:\/\/www.romanidisinfestazioni.com\/wp-content\/uploads\/2013\/03\/Mabi-Depliant_mini.jpg","datePublished":"2010-03-17T16:42:33+00:00","dateModified":"2016-12-28T20:00:06+00:00","breadcrumb":{"@id":"https:\/\/www.romanidisinfestazioni.com\/index.php\/difesa-dai-tarli\/#breadcrumb"},"inLanguage":"it-IT","potentialAction":[{"@type":"ReadAction","target":["https:\/\/www.romanidisinfestazioni.com\/index.php\/difesa-dai-tarli\/"]}]},{"@type":"ImageObject","inLanguage":"it-IT","@id":"https:\/\/www.romanidisinfestazioni.com\/index.php\/difesa-dai-tarli\/#primaryimage","url":"https:\/\/www.romanidisinfestazioni.com\/wp-content\/uploads\/2013\/03\/Mabi-Depliant_mini.jpg","contentUrl":"https:\/\/www.romanidisinfestazioni.com\/wp-content\/uploads\/2013\/03\/Mabi-Depliant_mini.jpg","width":200,"height":141,"caption":"antitarlo"},{"@type":"BreadcrumbList","@id":"https:\/\/www.romanidisinfestazioni.com\/index.php\/difesa-dai-tarli\/#breadcrumb","itemListElement":[{"@type":"ListItem","position":1,"name":"Home","item":"https:\/\/www.romanidisinfestazioni.com\/"},{"@type":"ListItem","position":2,"name":"Difesa dai tarli"}]},{"@type":"WebSite","@id":"https:\/\/www.romanidisinfestazioni.com\/#website","url":"https:\/\/www.romanidisinfestazioni.com\/","name":"Romani Disinfestazioni Srl","description":"Servizi di monitoraggio infestanti per Aziende Alimentari Certificate BRC\/IFS","potentialAction":[{"@type":"SearchAction","target":{"@type":"EntryPoint","urlTemplate":"https:\/\/www.romanidisinfestazioni.com\/?s={search_term_string}"},"query-input":{"@type":"PropertyValueSpecification","valueRequired":true,"valueName":"search_term_string"}}],"inLanguage":"it-IT"}]}},"_links":{"self":[{"href":"https:\/\/www.romanidisinfestazioni.com\/index.php\/wp-json\/wp\/v2\/pages\/63","targetHints":{"allow":["GET"]}}],"collection":[{"href":"https:\/\/www.romanidisinfestazioni.com\/index.php\/wp-json\/wp\/v2\/pages"}],"about":[{"href":"https:\/\/www.romanidisinfestazioni.com\/index.php\/wp-json\/wp\/v2\/types\/page"}],"author":[{"embeddable":true,"href":"https:\/\/www.romanidisinfestazioni.com\/index.php\/wp-json\/wp\/v2\/users\/1"}],"replies":[{"embeddable":true,"href":"https:\/\/www.romanidisinfestazioni.com\/index.php\/wp-json\/wp\/v2\/comments?post=63"}],"version-history":[{"count":44,"href":"https:\/\/www.romanidisinfestazioni.com\/index.php\/wp-json\/wp\/v2\/pages\/63\/revisions"}],"predecessor-version":[{"id":5475,"href":"https:\/\/www.romanidisinfestazioni.com\/index.php\/wp-json\/wp\/v2\/pages\/63\/revisions\/5475"}],"wp:featuredmedia":[{"embeddable":true,"href":"https:\/\/www.romanidisinfestazioni.com\/index.php\/wp-json\/wp\/v2\/media\/2168"}],"wp:attachment":[{"href":"https:\/\/www.romanidisinfestazioni.com\/index.php\/wp-json\/wp\/v2\/media?parent=63"}],"curies":[{"name":"wp","href":"https:\/\/api.w.org\/{rel}","templated":true}]}}